{"id":44809,"date":"2025-12-29T11:20:40","date_gmt":"2025-12-29T08:20:40","guid":{"rendered":"https:\/\/shura.org.tr\/?page_id=44809"},"modified":"2025-12-29T11:20:40","modified_gmt":"2025-12-29T08:20:40","slug":"ihsan-erbil-baycol","status":"publish","type":"page","link":"https:\/\/shura.org.tr\/en\/team\/ihsan-erbil-baycol\/","title":{"rendered":"\u0130hsan Erbil Bay\u00e7\u00f6l"},"content":{"rendered":"<div class=\"wpb-content-wrapper\">[vc_section full_width=&#8221;stretch_row&#8221; pix_over_visibility=&#8221;&#8221; css=&#8221;.vc_custom_1592522682339{padding-top: 80px !important;padding-bottom: 80px !important;background-color: #ffffff !important;}&#8221;][vc_row full_width=&#8221;stretch_row&#8221; content_placement=&#8221;top&#8221; pix_particles_check=&#8221;&#8221;][vc_column width=&#8221;1\/3&#8243;][vc_single_image image=&#8221;44800&#8243; img_size=&#8221;full&#8221; css=&#8221;&#8221;][\/vc_column][vc_column width=&#8221;2\/3&#8243;][vc_custom_heading source=&#8221;post_title&#8221; use_theme_fonts=&#8221;yes&#8221;][vc_column_text css=&#8221;&#8221;]\r\n<p style=\"font-weight: 400;\">\u0130hsan Erbil Bay\u00e7\u00f6l holds an MBA from Sabanc\u0131 University, a BS in Civil Engineering from Bo\u011fazi\u00e7i University, and completed MS-level studies in Organizational Psychology at \u0130stanbul Bilgi University. His academic background is further strengthened by advanced executive programs in Corporate Finance, Valuation, and C-Level Leadership Development.<\/p>\r\n<p style=\"font-weight: 400;\">With an extensive career in the energy sector and deep expertise in corporate and digital transformation, \u0130hsan Erbil Bay\u00e7\u00f6l has been serving as\u00a0Chief Executive Officer of Enerjisa \u00dcretim since 2020. In addition to his executive role, he currently serves as\u00a0Vice Chairman of the Board of Directors at Enerjisa \u00dcretim,\u00a0Chairman of the Board of Directors at Enerjisa Enerji, and\u00a0President of Strategic Investments and Operations at Sabanc\u0131 Holding.<\/p>\r\n<p style=\"font-weight: 400;\">Under Bay\u00e7\u00f6l\u2019s leadership, Enerjisa \u00dcretim has secured strategic renewable energy investments, expanded its footprint into Southeastern Europe, and pioneered innovative digital business models\u2014positioning the company as a frontrunner in sustainability and advanced green energy solutions.<\/p>\r\n<p style=\"font-weight: 400;\">Previously, he held the position of\u00a0Deputy General Manager at Enerjisa \u00dcretim between 2018 and 2019, where he led major transformation initiatives across thermal assets and IT, managing a diversified asset portfolio with a strong focus on operational excellence, risk management, and organizational transformation.<\/p>\r\n<p style=\"font-weight: 400;\">Between\u00a02008 and 2018, Bay\u00e7\u00f6l served as\u00a0Strategy &amp; Business Development Director at Enerjisa, where he played a pivotal role in the company\u2019s demerger process as Head of the IPO Team, led acquisitions exceeding\u00a0USD 5 billion, and oversaw the development of large-scale power plant investments.<\/p>\r\n<p style=\"font-weight: 400;\">\u0130hsan Erbil Bay\u00e7\u00f6l is also a\u00a0Board Member of the YASED \u2013 International Investors Association.<\/p>\r\nIn 2006, he was transferred to the newly established TOBB University of Economics and Technology. He was the founding Managing Director of the Economic Policy Research Foundation of Turkey (TEPAV) in 2004 which is the first and only economic policy think tank in Turkey. G\u00fcven Sak writes on economic issues for D\u00fcnya, and H\u00fcrriyet Daily News. He is currently the President\/CEO of TEPAV Global, Washington, DC, USA.[\/vc_column_text][\/vc_column][\/vc_row][\/vc_section]<\/div>","protected":false},"excerpt":{"rendered":"[vc_section full_width=&#8221;stretch_row&#8221; pix_over_visibility=&#8221;&#8221; css=&#8221;.vc_custom_1592522682339{padding-top: 80px !important;padding-bottom: 80px !important;background-color: #ffffff !important;}&#8221;][vc_row full_width=&#8221;stretch_row&#8221; content_placement=&#8221;top&#8221; pix_particles_check=&#8221;&#8221;][vc_column width=&#8221;1\/3&#8243;][vc_single_image image=&#8221;44800&#8243; img_size=&#8221;full&#8221; css=&#8221;&#8221;][\/vc_column][vc_column width=&#8221;2\/3&#8243;][vc_custom_heading source=&#8221;post_title&#8221; use_theme_fonts=&#8221;yes&#8221;][vc_column_text css=&#8221;&#8221;] \u0130hsan Erbil Bay\u00e7\u00f6l holds an MBA from Sabanc\u0131 University, a BS in Civil Engineering from Bo\u011fazi\u00e7i University, and completed&#8230;","protected":false},"author":18,"featured_media":0,"parent":36778,"menu_order":0,"comment_status":"closed","ping_status":"closed","template":"","meta":{"_acf_changed":false,"episode_type":"","audio_file":"","podmotor_file_id":"","podmotor_episode_id":"","cover_image":"","cover_image_id":"","duration":"","filesize":"","filesize_raw":"","date_recorded":"","explicit":"","block":"","itunes_episode_number":"","itunes_title":"","itunes_season_number":"","itunes_episode_type":"","footnotes":""},"class_list":["post-44809","page","type-page","status-publish","hentry"],"acf":[],"_links":{"self":[{"href":"https:\/\/shura.org.tr\/en\/wp-json\/wp\/v2\/pages\/44809","targetHints":{"allow":["GET"]}}],"collection":[{"href":"https:\/\/shura.org.tr\/en\/wp-json\/wp\/v2\/pages"}],"about":[{"href":"https:\/\/shura.org.tr\/en\/wp-json\/wp\/v2\/types\/page"}],"author":[{"embeddable":true,"href":"https:\/\/shura.org.tr\/en\/wp-json\/wp\/v2\/users\/18"}],"replies":[{"embeddable":true,"href":"https:\/\/shura.org.tr\/en\/wp-json\/wp\/v2\/comments?post=44809"}],"version-history":[{"count":0,"href":"https:\/\/shura.org.tr\/en\/wp-json\/wp\/v2\/pages\/44809\/revisions"}],"up":[{"embeddable":true,"href":"https:\/\/shura.org.tr\/en\/wp-json\/wp\/v2\/pages\/36778"}],"wp:attachment":[{"href":"https:\/\/shura.org.tr\/en\/wp-json\/wp\/v2\/media?parent=44809"}],"curies":[{"name":"wp","href":"https:\/\/api.w.org\/{rel}","templated":true}]}}