{"id":43547,"date":"2024-12-12T16:44:42","date_gmt":"2024-12-12T13:44:42","guid":{"rendered":"https:\/\/shura.org.tr\/?page_id=43547"},"modified":"2025-01-07T11:45:36","modified_gmt":"2025-01-07T08:45:36","slug":"fuat-keyman","status":"publish","type":"page","link":"https:\/\/shura.org.tr\/en\/fuat-keyman\/","title":{"rendered":"Fuat Keyman"},"content":{"rendered":"<div class=\"wpb-content-wrapper\">[vc_section full_width=&#8221;stretch_row&#8221; pix_over_visibility=&#8221;&#8221; css=&#8221;.vc_custom_1592522682339{padding-top: 80px !important;padding-bottom: 80px !important;background-color: #ffffff !important;}&#8221;][vc_row full_width=&#8221;stretch_row&#8221; content_placement=&#8221;top&#8221; pix_particles_check=&#8221;&#8221;][vc_column width=&#8221;1\/3&#8243;][vc_single_image image=&#8221;43711&#8243; img_size=&#8221;full&#8221; css=&#8221;&#8221;][\/vc_column][vc_column width=&#8221;2\/3&#8243;][vc_custom_heading source=&#8221;post_title&#8221; use_theme_fonts=&#8221;yes&#8221;][vc_column_text css=&#8221;&#8221;]<span style=\"font-weight: 400;\">Prof. Dr. Fuat Keyman, who played a significant role in the establishment of SHURA and inspired many with his profound vision and intellectual depth, passed away on October 18, 2024. We commemorate Keyman with deep admiration and gratitude for the remarkable influence he had on the intellectual development of our society.<\/span>\r\n\r\n<span style=\"font-weight: 400;\">Fuat Keyman was the Director of the Istanbul Policy Center; Vice President for Institutional Affairs and Social Impact, and Professor of International Relations at Sabanc\u0131 University. Keyman was a leading political scientist in Turkey and an expert on globalization, democratization, international relations, Turkey\u2013EU relations, Turkish foreign policy, and civil society development. He was a member of the Turkish Science Academy. In 2013, he was awarded the Strategic Vision Award for Scientists by TASAM (Turkish Asian Center for Strategic Studies). He worked as a member of the Council of Wise People as part of the Peace Process to the Kurdish issue. He also served on advisory and editorial boards for a number of respected international and national organizations as well as for academic journals. Additionally, he was a member of the scientific advisory boards for the Austrian Institute for International Affairs (OIIP) and The Global Centre for Pluralism. He was the research director for various projects, such as Peter Berger and Samuel Huntington\u2019s Many Globalizations; Strengthening Checks and Balances in Turkey, SIDA, Sweden; Enacting European Citizenship, European Council Framework 7 Project; Mapping Civil Society in Turkey, CIVICUS; and received a prestigious grant on urbanization from the Scientific and Technological Research Council of Turkey. Since 2002, as well as his academic work, Keyman shared his ideas and analysis of Turkey in a global context through various newspaper columns and TV programs.<\/span>\r\n\r\n<span style=\"font-weight: 400;\">He was the author and editor of nearly thirty books, including <\/span><i><span style=\"font-weight: 400;\">Future Politics &#8211; Globalization, State, Democracy, and Identity<\/span><\/i><span style=\"font-weight: 400;\"> (with Evren Balta, 2022); <\/span><i><span style=\"font-weight: 400;\">Sekiz Kentin Hikayesi<\/span><\/i><span style=\"font-weight: 400;\"> (with Berrin Koyuncu-Lorasda\u011f\u0131, 2020); <\/span><i><span style=\"font-weight: 400;\">Kurdish Problem: Local Dynamics and Conflict Resolution<\/span><\/i><span style=\"font-weight: 400;\"> (with Ay\u015fe K\u00f6se, 2019); <\/span><i><span style=\"font-weight: 400;\">Istanbul: Living with Difference in a Global City<\/span><\/i><span style=\"font-weight: 400;\"> (with Nora Fisher-Onar and Susan C. Pearce, 2018); <\/span><i><span style=\"font-weight: 400;\">Turkey, The Arab Spring and Beyond<\/span><\/i><span style=\"font-weight: 400;\"> (with B\u00fclent Aras, 2016); <\/span><i><span style=\"font-weight: 400;\">Global Turkey in Europe 3: Democracy, Trade, and the Kurdish Question in Turkey-EU Relations<\/span><\/i><span style=\"font-weight: 400;\"> (2015); <\/span><i><span style=\"font-weight: 400;\">Democracy, Identity and Foreign Policy in Turkey<\/span><\/i><span style=\"font-weight: 400;\"> (with \u015eebnem G\u00fcm\u00fc\u015f\u00e7\u00fc, 2014); <\/span><i><span style=\"font-weight: 400;\">Global Turkey in Europe 2: Energy, Migration, Civil Society and Citizenship Issues in Turkey-EU Relations<\/span><\/i><span style=\"font-weight: 400;\"> (2014); <\/span><i><span style=\"font-weight: 400;\">Global Turkey in Europe: Political, Economic, and Foreign Policy Dimensions of Turkey\u2019s Evolving Relationship with the EU<\/span><\/i><span style=\"font-weight: 400;\"> (2013); <\/span><i><span style=\"font-weight: 400;\">Remaking Turkey<\/span><\/i><span style=\"font-weight: 400;\"> (in Turkish, 2013); <\/span><i><span style=\"font-weight: 400;\">Symbiotic Antagonisms: Competing Nationalisms in Turkey<\/span><\/i><span style=\"font-weight: 400;\"> (with Ay\u015fe Kad\u0131o\u011flu, 2011); <\/span><i><span style=\"font-weight: 400;\">Cities: The Transformation of Anatolia, the Future of Turkey<\/span><\/i><span style=\"font-weight: 400;\"> (2010); <\/span><i><span style=\"font-weight: 400;\">Competing Nationalism in Turkey<\/span><\/i><span style=\"font-weight: 400;\"> (2010); <\/span><i><span style=\"font-weight: 400;\">Turkey in a Globalizing World<\/span><\/i><span style=\"font-weight: 400;\"> (2010); <\/span><i><span style=\"font-weight: 400;\">Remaking Turkey, Globalization, Alternative Modernities and Democracy<\/span><\/i><span style=\"font-weight: 400;\"> (2008); <\/span><i><span style=\"font-weight: 400;\">Turkish Politics in a Changing World<\/span><\/i><span style=\"font-weight: 400;\"> (with Ziya \u00d6ni\u015f, 2007); <\/span><i><span style=\"font-weight: 400;\">Citizenship in a Global World: European Questions and Turkish Experiences<\/span><\/i><span style=\"font-weight: 400;\"> (2005); <\/span><i><span style=\"font-weight: 400;\">Changing World, Transforming Turkey<\/span><\/i><span style=\"font-weight: 400;\"> (2005); and <\/span><i><span style=\"font-weight: 400;\">Globalization, State, Identity\/Difference: Toward a Critical Social Theory of International Relations<\/span><\/i><span style=\"font-weight: 400;\"> (1997). Keyman also authored numerous articles published in prestigious, peer-reviewed international journals such as <\/span><i><span style=\"font-weight: 400;\">Journal of Democracy<\/span><\/i><span style=\"font-weight: 400;\">, <\/span><i><span style=\"font-weight: 400;\">Third World Quarterly<\/span><\/i><span style=\"font-weight: 400;\">, <\/span><i><span style=\"font-weight: 400;\">European Journal of Social Theory<\/span><\/i><span style=\"font-weight: 400;\">, <\/span><i><span style=\"font-weight: 400;\">Theory Culture &amp; Society<\/span><\/i><span style=\"font-weight: 400;\">, <\/span><i><span style=\"font-weight: 400;\">Review of International Political Economy<\/span><\/i><span style=\"font-weight: 400;\">, and <\/span><i><span style=\"font-weight: 400;\">Journal of Balkan and Near Eastern Studies<\/span><\/i><span style=\"font-weight: 400;\">.<\/span>\r\n\r\n<span style=\"font-weight: 400;\">Prior to joining Sabanc\u0131 University, Keyman taught in the Department of International Relations at Ko\u00e7 University between 2002 and 2010, and in the Department of Political Science and Public Administration at Bilkent University between 1994 and 2002. He was also a Visiting Professor at Carleton University in the summer of 1997. Keyman completed post-doctoral fellowships at Wellesley College and Harvard University. He received his PhD in Political Science with a concentration in International Relations and Comparative Politics from Carleton University. He earned his Bachelor\u2019s and Master\u2019s degrees from the Middle East Technical University in Ankara, T\u00fcrkiye.\u00a0<\/span>[\/vc_column_text][\/vc_column][\/vc_row][\/vc_section]<\/div>","protected":false},"excerpt":{"rendered":"[vc_section full_width=&#8221;stretch_row&#8221; pix_over_visibility=&#8221;&#8221; css=&#8221;.vc_custom_1592522682339{padding-top: 80px !important;padding-bottom: 80px !important;background-color: #ffffff !important;}&#8221;][vc_row full_width=&#8221;stretch_row&#8221; content_placement=&#8221;top&#8221; pix_particles_check=&#8221;&#8221;][vc_column width=&#8221;1\/3&#8243;][vc_single_image image=&#8221;43711&#8243; img_size=&#8221;full&#8221; css=&#8221;&#8221;][\/vc_column][vc_column width=&#8221;2\/3&#8243;][vc_custom_heading source=&#8221;post_title&#8221; use_theme_fonts=&#8221;yes&#8221;][vc_column_text css=&#8221;&#8221;]Prof. Dr. Fuat Keyman, who played a significant role in the establishment of SHURA and inspired many with his profound&#8230;","protected":false},"author":18,"featured_media":0,"parent":0,"menu_order":0,"comment_status":"closed","ping_status":"closed","template":"","meta":{"_acf_changed":false,"episode_type":"","audio_file":"","podmotor_file_id":"","podmotor_episode_id":"","cover_image":"","cover_image_id":"","duration":"","filesize":"","filesize_raw":"","date_recorded":"","explicit":"","block":"","itunes_episode_number":"","itunes_title":"","itunes_season_number":"","itunes_episode_type":"","footnotes":""},"class_list":["post-43547","page","type-page","status-publish","hentry"],"acf":[],"_links":{"self":[{"href":"https:\/\/shura.org.tr\/en\/wp-json\/wp\/v2\/pages\/43547","targetHints":{"allow":["GET"]}}],"collection":[{"href":"https:\/\/shura.org.tr\/en\/wp-json\/wp\/v2\/pages"}],"about":[{"href":"https:\/\/shura.org.tr\/en\/wp-json\/wp\/v2\/types\/page"}],"author":[{"embeddable":true,"href":"https:\/\/shura.org.tr\/en\/wp-json\/wp\/v2\/users\/18"}],"replies":[{"embeddable":true,"href":"https:\/\/shura.org.tr\/en\/wp-json\/wp\/v2\/comments?post=43547"}],"version-history":[{"count":0,"href":"https:\/\/shura.org.tr\/en\/wp-json\/wp\/v2\/pages\/43547\/revisions"}],"wp:attachment":[{"href":"https:\/\/shura.org.tr\/en\/wp-json\/wp\/v2\/media?parent=43547"}],"curies":[{"name":"wp","href":"https:\/\/api.w.org\/{rel}","templated":true}]}}