{"id":39096,"date":"2022-12-01T15:27:16","date_gmt":"2022-12-01T12:27:16","guid":{"rendered":"https:\/\/shura.org.tr\/?page_id=39096"},"modified":"2024-11-21T17:01:00","modified_gmt":"2024-11-21T14:01:00","slug":"selmiye-alkan-gursel","status":"publish","type":"page","link":"https:\/\/shura.org.tr\/en\/team\/selmiye-alkan-gursel\/","title":{"rendered":"Selmiye Alkan G\u00fcrsel"},"content":{"rendered":"<div class=\"wpb-content-wrapper\">[vc_section full_width=&#8221;stretch_row&#8221; pix_over_visibility=&#8221;&#8221; css=&#8221;.vc_custom_1592522682339{padding-top: 80px !important;padding-bottom: 80px !important;background-color: #ffffff !important;}&#8221;][vc_row full_width=&#8221;stretch_row&#8221; content_placement=&#8221;top&#8221; pix_particles_check=&#8221;&#8221;][vc_column width=&#8221;1\/3&#8243;][vc_single_image image=&#8221;39093&#8243; img_size=&#8221;full&#8221;][\/vc_column][vc_column width=&#8221;2\/3&#8243;][vc_custom_heading source=&#8221;post_title&#8221; use_theme_fonts=&#8221;yes&#8221;][vc_column_text css=&#8221;&#8221;]\r\n<p class=\"p1\">Prof. Dr. Selmiye Alkan G\u00fcrsel received her Bachelor\u2019s, Master\u2019s, and PhD degrees from the Department of Chemistry at Middle East Technical University. As part of her doctoral research, she conducted studies on electrochromic polymers at the University of Florida (USA). From 2003 to 2007, she completed her postdoctoral research on hydrogen and fuel cell technologies in the General Energy Department at the Paul Scherrer Institute (PSI) in Switzerland. Since 2008, Dr. G\u00fcrsel has served as a faculty member in the Materials Science and Nano Engineering Program at Sabanc\u0131 University and a part-time researcher at the Sabanc\u0131 University Nanotechnology Research and Application Center (SUNUM). Additionally, she served as the Associate Dean for Research at the Faculty of Engineering and Natural Sciences at Sabanc\u0131 University from 2020 to 2024.<\/p>\r\n<p class=\"p1\">Prof. Dr. G\u00fcrsel leads numerous national and international projects in hydrogen and electrolyzer technologies, fuel cells, polymer membranes, graphene, lithium-ion batteries, and lithium-air batteries. Under the European Commission&#8217;s 7th Framework Programme and Horizon 2020, she represented Turkey as a project leader and national contact point in the Graphene Flagship Project, one of the FET Flagship Projects and widely regarded as the \u201cproject of the century\u201d in Information and Communication Technologies. She is currently the project leader from Sabanc\u0131 University for Turkey&#8217;s first hydrogen valley initiative, the South Marmara Hydrogen Shore Project.<\/p>\r\n<p class=\"p1\">Prof. Dr. G\u00fcrsel&#8217;s achievements in these fields have been recognized with several prestigious awards, including the L\u2019Or\u00e9al Turkey Young Women in Science Fellowship supported by the Turkish Academy of Sciences (2010), the METU Prof. Dr. Mustafa N. Parlar Foundation Research Incentive Award (2012), the Science Academy Young Scientists Program (BAGEP) Fellowship Award (2013), and the Ministry of Energy and Natural Resources&#8217; Women Energizing Turkey \u2013 Academia Award (2018). She is currently a member of the Advisory Council of the SHURA Energy Transition Center and serves on the Executive Board of the Asian Polymer Association (APA).<\/p>\r\n[\/vc_column_text][\/vc_column][\/vc_row][\/vc_section]<\/div>","protected":false},"excerpt":{"rendered":"[vc_section full_width=&#8221;stretch_row&#8221; pix_over_visibility=&#8221;&#8221; css=&#8221;.vc_custom_1592522682339{padding-top: 80px !important;padding-bottom: 80px !important;background-color: #ffffff !important;}&#8221;][vc_row full_width=&#8221;stretch_row&#8221; content_placement=&#8221;top&#8221; pix_particles_check=&#8221;&#8221;][vc_column width=&#8221;1\/3&#8243;][vc_single_image image=&#8221;39093&#8243; img_size=&#8221;full&#8221;][\/vc_column][vc_column width=&#8221;2\/3&#8243;][vc_custom_heading source=&#8221;post_title&#8221; use_theme_fonts=&#8221;yes&#8221;][vc_column_text css=&#8221;&#8221;] Prof. Dr. Selmiye Alkan G\u00fcrsel received her Bachelor\u2019s, Master\u2019s, and PhD degrees from the Department of Chemistry at Middle East&#8230;","protected":false},"author":1,"featured_media":0,"parent":36778,"menu_order":0,"comment_status":"closed","ping_status":"closed","template":"","meta":{"_acf_changed":false,"episode_type":"","audio_file":"","podmotor_file_id":"","podmotor_episode_id":"","cover_image":"","cover_image_id":"","duration":"","filesize":"","filesize_raw":"","date_recorded":"","explicit":"","block":"","itunes_episode_number":"","itunes_title":"","itunes_season_number":"","itunes_episode_type":"","footnotes":""},"class_list":["post-39096","page","type-page","status-publish","hentry"],"acf":[],"_links":{"self":[{"href":"https:\/\/shura.org.tr\/en\/wp-json\/wp\/v2\/pages\/39096","targetHints":{"allow":["GET"]}}],"collection":[{"href":"https:\/\/shura.org.tr\/en\/wp-json\/wp\/v2\/pages"}],"about":[{"href":"https:\/\/shura.org.tr\/en\/wp-json\/wp\/v2\/types\/page"}],"author":[{"embeddable":true,"href":"https:\/\/shura.org.tr\/en\/wp-json\/wp\/v2\/users\/1"}],"replies":[{"embeddable":true,"href":"https:\/\/shura.org.tr\/en\/wp-json\/wp\/v2\/comments?post=39096"}],"version-history":[{"count":0,"href":"https:\/\/shura.org.tr\/en\/wp-json\/wp\/v2\/pages\/39096\/revisions"}],"up":[{"embeddable":true,"href":"https:\/\/shura.org.tr\/en\/wp-json\/wp\/v2\/pages\/36778"}],"wp:attachment":[{"href":"https:\/\/shura.org.tr\/en\/wp-json\/wp\/v2\/media?parent=39096"}],"curies":[{"name":"wp","href":"https:\/\/api.w.org\/{rel}","templated":true}]}}