{"id":38726,"date":"2022-09-06T15:44:56","date_gmt":"2022-09-06T12:44:56","guid":{"rendered":"https:\/\/shura.org.tr\/?page_id=38726"},"modified":"2025-03-03T13:15:51","modified_gmt":"2025-03-03T10:15:51","slug":"yagiz_caliskan_eng","status":"publish","type":"page","link":"https:\/\/shura.org.tr\/en\/homepage-2\/yagiz_caliskan_eng\/","title":{"rendered":"Rafet Ya\u011f\u0131z \u00c7al\u0131\u015fkan"},"content":{"rendered":"<div class=\"wpb-content-wrapper\">[vc_section full_width=&#8221;stretch_row&#8221; pix_over_visibility=&#8221;&#8221; css=&#8221;.vc_custom_1592522682339{padding-top: 80px !important;padding-bottom: 80px !important;background-color: #ffffff !important;}&#8221;][vc_row full_width=&#8221;stretch_row&#8221; content_placement=&#8221;top&#8221; pix_particles_check=&#8221;&#8221;][vc_column width=&#8221;1\/3&#8243;][vc_single_image image=&#8221;41031&#8243; img_size=&#8221;full&#8221;][\/vc_column][vc_column width=&#8221;2\/3&#8243;][vc_custom_heading source=&#8221;post_title&#8221; use_theme_fonts=&#8221;yes&#8221;][vc_column_text css=&#8221;&#8221;]<em>Energy Analyst<\/em>\r\n\r\n<span style=\"font-weight: 400;\">Rafet Ya\u011f\u0131z \u00c7al\u0131\u015fkan works as a Energy Analyst at SHURA Energy Transition Center. \u00c7al\u0131\u015fkan graduated from Istanbul Bilgi University Energy Systems Engineering Department (in English) with an honor degree in 2021.\u00a0<\/span>\r\n\r\n<span style=\"font-weight: 400;\">He wrote his undergraduate thesis as a feasibility study on the application of the carbon capture and storage system to the city of Izmir.\u00a0 In his post-graduation period, he contributed to the engineering literature by publishing his thesis under the name of \u201cDirect Air Capture System: A Feasibility Study for Izmir\u201d in the British journal \u201cInternational Journal of Sustaniable Energy\u201d.\u00a0<\/span>\r\n\r\n<span style=\"font-weight: 400;\">After his graduation, he worked as a thesis advisor assistant. Simultaneously with his working life, he continues his master&#8217;s degree in the Department of Energy Technologies at Y\u0131ld\u0131z Technical University.<\/span>\r\n\r\n<span style=\"font-weight: 400;\">\u00c7al\u0131\u015fkan joined SHURA Energy Transition Center with a long-term internship in April 2022, and started his professional career as a Junior Energy Analyst in September 2022. \u00c7al\u0131\u015fkan continues his work on new technologies, energy transition, renewable energy and energy efficiency within SHURA. In the current situation, he has contributed to more than five reports as an author. Subjects of these reports are; T\u00fcrkiye&#8217;s energy transition outlook, strategic uses of green hydrogen, global trends in offshore wind energy and recommendations for T\u00fcrkiye, and net-zero carbon target. Additionally, he manages SHURA Dashboard, the platform that SHURA shares energy industry\u2019s data in a single digital address.<\/span>[\/vc_column_text][\/vc_column][\/vc_row][\/vc_section]<\/div>","protected":false},"excerpt":{"rendered":"[vc_section full_width=&#8221;stretch_row&#8221; pix_over_visibility=&#8221;&#8221; css=&#8221;.vc_custom_1592522682339{padding-top: 80px !important;padding-bottom: 80px !important;background-color: #ffffff !important;}&#8221;][vc_row full_width=&#8221;stretch_row&#8221; content_placement=&#8221;top&#8221; pix_particles_check=&#8221;&#8221;][vc_column width=&#8221;1\/3&#8243;][vc_single_image image=&#8221;41031&#8243; img_size=&#8221;full&#8221;][\/vc_column][vc_column width=&#8221;2\/3&#8243;][vc_custom_heading source=&#8221;post_title&#8221; use_theme_fonts=&#8221;yes&#8221;][vc_column_text css=&#8221;&#8221;]Energy Analyst Rafet Ya\u011f\u0131z \u00c7al\u0131\u015fkan works as a Energy Analyst at SHURA Energy Transition Center. \u00c7al\u0131\u015fkan graduated from Istanbul Bilgi University&#8230;","protected":false},"author":1,"featured_media":0,"parent":42788,"menu_order":0,"comment_status":"closed","ping_status":"closed","template":"","meta":{"_acf_changed":false,"episode_type":"","audio_file":"","podmotor_file_id":"","podmotor_episode_id":"","cover_image":"","cover_image_id":"","duration":"","filesize":"","filesize_raw":"","date_recorded":"","explicit":"","block":"","itunes_episode_number":"","itunes_title":"","itunes_season_number":"","itunes_episode_type":"","footnotes":""},"class_list":["post-38726","page","type-page","status-publish","hentry"],"acf":[],"_links":{"self":[{"href":"https:\/\/shura.org.tr\/en\/wp-json\/wp\/v2\/pages\/38726","targetHints":{"allow":["GET"]}}],"collection":[{"href":"https:\/\/shura.org.tr\/en\/wp-json\/wp\/v2\/pages"}],"about":[{"href":"https:\/\/shura.org.tr\/en\/wp-json\/wp\/v2\/types\/page"}],"author":[{"embeddable":true,"href":"https:\/\/shura.org.tr\/en\/wp-json\/wp\/v2\/users\/1"}],"replies":[{"embeddable":true,"href":"https:\/\/shura.org.tr\/en\/wp-json\/wp\/v2\/comments?post=38726"}],"version-history":[{"count":0,"href":"https:\/\/shura.org.tr\/en\/wp-json\/wp\/v2\/pages\/38726\/revisions"}],"up":[{"embeddable":true,"href":"https:\/\/shura.org.tr\/en\/wp-json\/wp\/v2\/pages\/42788"}],"wp:attachment":[{"href":"https:\/\/shura.org.tr\/en\/wp-json\/wp\/v2\/media?parent=38726"}],"curies":[{"name":"wp","href":"https:\/\/api.w.org\/{rel}","templated":true}]}}