{"id":36864,"date":"2021-09-25T23:48:58","date_gmt":"2021-09-25T20:48:58","guid":{"rendered":"https:\/\/shura.org.tr\/team\/korkut-ozturkmen\/"},"modified":"2025-10-23T10:34:14","modified_gmt":"2025-10-23T07:34:14","slug":"korkut-ozturkmen","status":"publish","type":"page","link":"https:\/\/shura.org.tr\/en\/korkut-ozturkmen\/","title":{"rendered":"Korkut \u00d6zt\u00fcrkmen"},"content":{"rendered":"<div class=\"wpb-content-wrapper\">[vc_section full_width=&#8221;stretch_row&#8221; pix_over_visibility=&#8221;&#8221; css=&#8221;.vc_custom_1592522682339{padding-top: 80px !important;padding-bottom: 80px !important;background-color: #ffffff !important;}&#8221;][vc_row full_width=&#8221;stretch_row&#8221; content_placement=&#8221;top&#8221; pix_particles_check=&#8221;&#8221;][vc_column width=&#8221;1\/3&#8243;][vc_single_image image=&#8221;34724&#8243; img_size=&#8221;full&#8221;][\/vc_column][vc_column width=&#8221;2\/3&#8243;][vc_custom_heading source=&#8221;post_title&#8221; use_theme_fonts=&#8221;yes&#8221;][vc_column_text css=&#8221;&#8221;]\r\n<div class=\"page\" title=\"Page 1\">\r\n<div class=\"layoutArea\">\r\n<div class=\"column\">\r\n\r\n<span style=\"font-weight: 400;\">Korkut \u00d6zt\u00fcrkmen currently serves as the CEO and Vice Chairman of the Board at Energo-Pro T\u00fcrkiye.<\/span>\r\n\r\n<span style=\"font-weight: 400;\">With over 30 years of experience in the energy sector, he has held several senior leadership roles in major Turkish and international energy companies.<\/span>\r\n\r\n<span style=\"font-weight: 400;\">From 2019 to 2024, \u00d6zt\u00fcrkmen served as a Board Member and Vice Chairman of the Executive Committee at Aksa Energy, where he managed a 2,700+ MW operational generation portfolio and oversaw the development of over 2,000 MW of new energy projects.<\/span>\r\n\r\n<span style=\"font-weight: 400;\">Between 2019 and 2021, he held the position of Energy Group President and Board Member at IC \u0130\u00e7ta\u015f Energy Group. In this capacity, he led key operations, including the Trakya Distribution and Retail Company (7 TWh), the Yenik\u00f6y Kemerk\u00f6y Lignite Power Plant (1,050 MW), and a 400 MW renewable energy portfolio developed in partnership with the EBRD.<\/span>\r\n\r\n<span style=\"font-weight: 400;\">From 2007 to 2009, \u00d6zt\u00fcrkmen was the Country Manager of OMV T\u00fcrkiye, where he directed the company\u2019s entry into the Turkish energy market and contributed to major strategic initiatives such as the Nabucco Natural Gas Pipeline and renewable power projects.<\/span>\r\n\r\n<span style=\"font-weight: 400;\">Later, from 2009 to 2019, he served as a Board Member and General Manager of OMV T\u00fcrkiye\u2019s Power Business Unit, overseeing the development of the Samsun Natural Gas Power Plant (890 MW, \u20ac600 million) and implementing OMV\u2019s global asset-based electricity trading strategy.<\/span>\r\n\r\n<span style=\"font-weight: 400;\">\u00d6zt\u00fcrkmen began his career at Ko\u00e7 Holding\u2019s Strategic Planning and Energy Group (1996\u20132007), where he played pivotal roles in the development and financing of strategic investments and privatization projects across the electricity, natural gas, and oil sectors.<\/span>\r\n\r\n<span style=\"font-weight: 400;\">A graduate of Robert College, he holds dual bachelor\u2019s degrees in Mechanical and Industrial Engineering from Bo\u011fazi\u00e7i University. He completed his Executive MBA with high honours at Ko\u00e7 University in 2002 and attended the \u2018Power2Lead\u2019 Senior Leadership Program at Ashridge Business School (UK) in 2013.<\/span>\r\n\r\n<span style=\"font-weight: 400;\">A former Vice Chairman of the Turkish Electricity Producers Association (E\u00dcD), \u00d6zt\u00fcrkmen continues to contribute actively to the sustainable growth and healthy development of the Turkish energy sector through his engagement in key industry organizations.<\/span>\r\n\r\n<\/div>\r\n<\/div>\r\n<\/div>\r\n[\/vc_column_text][\/vc_column][\/vc_row][\/vc_section]<\/div>","protected":false},"excerpt":{"rendered":"[vc_section full_width=&#8221;stretch_row&#8221; pix_over_visibility=&#8221;&#8221; css=&#8221;.vc_custom_1592522682339{padding-top: 80px !important;padding-bottom: 80px !important;background-color: #ffffff !important;}&#8221;][vc_row full_width=&#8221;stretch_row&#8221; content_placement=&#8221;top&#8221; pix_particles_check=&#8221;&#8221;][vc_column width=&#8221;1\/3&#8243;][vc_single_image image=&#8221;34724&#8243; img_size=&#8221;full&#8221;][\/vc_column][vc_column width=&#8221;2\/3&#8243;][vc_custom_heading source=&#8221;post_title&#8221; use_theme_fonts=&#8221;yes&#8221;][vc_column_text css=&#8221;&#8221;] Korkut \u00d6zt\u00fcrkmen currently serves as the CEO and Vice Chairman of the Board at Energo-Pro T\u00fcrkiye. With over 30 years&#8230;","protected":false},"author":1,"featured_media":0,"parent":0,"menu_order":0,"comment_status":"closed","ping_status":"closed","template":"","meta":{"_acf_changed":false,"episode_type":"","audio_file":"","podmotor_file_id":"","podmotor_episode_id":"","cover_image":"","cover_image_id":"","duration":"","filesize":"","filesize_raw":"","date_recorded":"","explicit":"","block":"","itunes_episode_number":"","itunes_title":"","itunes_season_number":"","itunes_episode_type":"","footnotes":""},"class_list":["post-36864","page","type-page","status-publish","hentry"],"acf":[],"_links":{"self":[{"href":"https:\/\/shura.org.tr\/en\/wp-json\/wp\/v2\/pages\/36864","targetHints":{"allow":["GET"]}}],"collection":[{"href":"https:\/\/shura.org.tr\/en\/wp-json\/wp\/v2\/pages"}],"about":[{"href":"https:\/\/shura.org.tr\/en\/wp-json\/wp\/v2\/types\/page"}],"author":[{"embeddable":true,"href":"https:\/\/shura.org.tr\/en\/wp-json\/wp\/v2\/users\/1"}],"replies":[{"embeddable":true,"href":"https:\/\/shura.org.tr\/en\/wp-json\/wp\/v2\/comments?post=36864"}],"version-history":[{"count":0,"href":"https:\/\/shura.org.tr\/en\/wp-json\/wp\/v2\/pages\/36864\/revisions"}],"wp:attachment":[{"href":"https:\/\/shura.org.tr\/en\/wp-json\/wp\/v2\/media?parent=36864"}],"curies":[{"name":"wp","href":"https:\/\/api.w.org\/{rel}","templated":true}]}}