{"id":36838,"date":"2021-09-25T23:38:26","date_gmt":"2021-09-25T20:38:26","guid":{"rendered":"https:\/\/shura.org.tr\/team\/cem-ozkok\/"},"modified":"2021-09-27T13:21:59","modified_gmt":"2021-09-27T10:21:59","slug":"cem-ozkok","status":"publish","type":"page","link":"https:\/\/shura.org.tr\/en\/cem-ozkok\/","title":{"rendered":"Cem \u00d6zk\u00f6k"},"content":{"rendered":"<div class=\"wpb-content-wrapper\">[vc_section full_width=&#8221;stretch_row&#8221; pix_over_visibility=&#8221;&#8221; css=&#8221;.vc_custom_1592522682339{padding-top: 80px !important;padding-bottom: 80px !important;background-color: #ffffff !important;}&#8221;][vc_row full_width=&#8221;stretch_row&#8221; content_placement=&#8221;top&#8221; pix_particles_check=&#8221;&#8221;][vc_column width=&#8221;1\/3&#8243;][vc_single_image image=&#8221;33886&#8243; img_size=&#8221;full&#8221;][\/vc_column][vc_column width=&#8221;2\/3&#8243;][vc_custom_heading source=&#8221;post_title&#8221; use_theme_fonts=&#8221;yes&#8221;][vc_column_text]Cem \u00d6zk\u00f6k was born in \u0130skenderun in 1960. Following the completion of his high school education in Turkey, he received his undergraduate degree in 1977 from Hamburg University and graduated from the Management Engineering department in 1984 from the same university.\r\n\r\nAfter his graduation, he entered his business life at \u00d6zk\u00f6kler A.\u015e. in 1984. Thanks to his international experiences, Cem \u00d6zk\u00f6k promoted consecutively from Project Manager to Vice General Manager and Executive Board Member at \u00d6zk\u00f6kler A.\u015e.\r\n\r\nCem \u00d6zk\u00f6k who has experiences in project management, energy projects, industrial construction, tenders and partnerships, joined G\u00fcri\u015f Holding in 1993.\r\n\r\nCem \u00d6zk\u00f6k focuses on geothermal, wind and hydroelectric in G\u00fcri\u015f Holding, as one of the leading renewable energy company in Turkey, but also responsible for business development in Group\u2019s companies as Executive Board Member. In addition, Cem \u00d6zk\u00f6k continues his professional career as Hydroelectric Power Plants Industry and Businessmen Association (HES\u0130AD) Executive Board and the Chairman of Executive Board since 2017.[\/vc_column_text][\/vc_column][\/vc_row][\/vc_section]<\/div>","protected":false},"excerpt":{"rendered":"[vc_section full_width=&#8221;stretch_row&#8221; pix_over_visibility=&#8221;&#8221; css=&#8221;.vc_custom_1592522682339{padding-top: 80px !important;padding-bottom: 80px !important;background-color: #ffffff !important;}&#8221;][vc_row full_width=&#8221;stretch_row&#8221; content_placement=&#8221;top&#8221; pix_particles_check=&#8221;&#8221;][vc_column width=&#8221;1\/3&#8243;][vc_single_image image=&#8221;33886&#8243; img_size=&#8221;full&#8221;][\/vc_column][vc_column width=&#8221;2\/3&#8243;][vc_custom_heading source=&#8221;post_title&#8221; use_theme_fonts=&#8221;yes&#8221;][vc_column_text]Cem \u00d6zk\u00f6k was born in \u0130skenderun in 1960. Following the completion of his high school education in Turkey, he received his undergraduate&#8230;","protected":false},"author":1,"featured_media":0,"parent":0,"menu_order":0,"comment_status":"closed","ping_status":"closed","template":"","meta":{"_acf_changed":false,"episode_type":"","audio_file":"","podmotor_file_id":"","podmotor_episode_id":"","cover_image":"","cover_image_id":"","duration":"","filesize":"","filesize_raw":"","date_recorded":"","explicit":"","block":"","itunes_episode_number":"","itunes_title":"","itunes_season_number":"","itunes_episode_type":"","footnotes":""},"class_list":["post-36838","page","type-page","status-publish","hentry"],"acf":[],"_links":{"self":[{"href":"https:\/\/shura.org.tr\/en\/wp-json\/wp\/v2\/pages\/36838","targetHints":{"allow":["GET"]}}],"collection":[{"href":"https:\/\/shura.org.tr\/en\/wp-json\/wp\/v2\/pages"}],"about":[{"href":"https:\/\/shura.org.tr\/en\/wp-json\/wp\/v2\/types\/page"}],"author":[{"embeddable":true,"href":"https:\/\/shura.org.tr\/en\/wp-json\/wp\/v2\/users\/1"}],"replies":[{"embeddable":true,"href":"https:\/\/shura.org.tr\/en\/wp-json\/wp\/v2\/comments?post=36838"}],"version-history":[{"count":0,"href":"https:\/\/shura.org.tr\/en\/wp-json\/wp\/v2\/pages\/36838\/revisions"}],"wp:attachment":[{"href":"https:\/\/shura.org.tr\/en\/wp-json\/wp\/v2\/media?parent=36838"}],"curies":[{"name":"wp","href":"https:\/\/api.w.org\/{rel}","templated":true}]}}