{"id":36830,"date":"2021-09-25T23:34:52","date_gmt":"2021-09-25T20:34:52","guid":{"rendered":"https:\/\/shura.org.tr\/team\/birol-erguven\/"},"modified":"2021-09-27T13:14:30","modified_gmt":"2021-09-27T10:14:30","slug":"birol-erguven","status":"publish","type":"page","link":"https:\/\/shura.org.tr\/en\/team\/birol-erguven\/","title":{"rendered":"Birol Erg\u00fcven"},"content":{"rendered":"<div class=\"wpb-content-wrapper\">[vc_section full_width=&#8221;stretch_row&#8221; pix_over_visibility=&#8221;&#8221; css=&#8221;.vc_custom_1592522682339{padding-top: 80px !important;padding-bottom: 80px !important;background-color: #ffffff !important;}&#8221;][vc_row full_width=&#8221;stretch_row&#8221; content_placement=&#8221;top&#8221; pix_particles_check=&#8221;&#8221;][vc_column width=&#8221;1\/3&#8243;][vc_single_image image=&#8221;33892&#8243; img_size=&#8221;full&#8221;][\/vc_column][vc_column width=&#8221;2\/3&#8243;][vc_custom_heading source=&#8221;post_title&#8221; use_theme_fonts=&#8221;yes&#8221;][vc_column_text]Birol Erg\u00fcven was born in Ankara. He completed his bachelor degree in 1993 and master degree in1996 his at Middle East Technical University in mechanical engineering department. Since 2011, he has been working as CEO in Limak Energy Group, aside from his position in Limak Energy Group he is a member of the board of directors in Limak Investment A.\u015e., Hamitabat Elektrik \u00dcretim A.\u015e., Yenik\u00f6y Kemerk\u00f6y Elektrik \u00dcretim A.\u015e., Limak Uluda\u011f Elektrik Parekende Sat\u0131\u015f A.\u015e, Limak Enerji Europe (Bulgaria) ve LC Energy Supply Trading (Serbia). He is also a member of the board of directors in Energy Traders Association, Solar Energy Investors Association, vice president and member of board of directors in Foreign Economic Relations Board.[\/vc_column_text][\/vc_column][\/vc_row][\/vc_section]<\/div>","protected":false},"excerpt":{"rendered":"[vc_section full_width=&#8221;stretch_row&#8221; pix_over_visibility=&#8221;&#8221; css=&#8221;.vc_custom_1592522682339{padding-top: 80px !important;padding-bottom: 80px !important;background-color: #ffffff !important;}&#8221;][vc_row full_width=&#8221;stretch_row&#8221; content_placement=&#8221;top&#8221; pix_particles_check=&#8221;&#8221;][vc_column width=&#8221;1\/3&#8243;][vc_single_image image=&#8221;33892&#8243; img_size=&#8221;full&#8221;][\/vc_column][vc_column width=&#8221;2\/3&#8243;][vc_custom_heading source=&#8221;post_title&#8221; use_theme_fonts=&#8221;yes&#8221;][vc_column_text]Birol Erg\u00fcven was born in Ankara. He completed his bachelor degree in 1993 and master degree in1996 his at Middle East Technical&#8230;","protected":false},"author":1,"featured_media":0,"parent":36778,"menu_order":0,"comment_status":"closed","ping_status":"closed","template":"","meta":{"_acf_changed":false,"episode_type":"","audio_file":"","podmotor_file_id":"","podmotor_episode_id":"","cover_image":"","cover_image_id":"","duration":"","filesize":"","filesize_raw":"","date_recorded":"","explicit":"","block":"","itunes_episode_number":"","itunes_title":"","itunes_season_number":"","itunes_episode_type":"","footnotes":""},"class_list":["post-36830","page","type-page","status-publish","hentry"],"acf":[],"_links":{"self":[{"href":"https:\/\/shura.org.tr\/en\/wp-json\/wp\/v2\/pages\/36830","targetHints":{"allow":["GET"]}}],"collection":[{"href":"https:\/\/shura.org.tr\/en\/wp-json\/wp\/v2\/pages"}],"about":[{"href":"https:\/\/shura.org.tr\/en\/wp-json\/wp\/v2\/types\/page"}],"author":[{"embeddable":true,"href":"https:\/\/shura.org.tr\/en\/wp-json\/wp\/v2\/users\/1"}],"replies":[{"embeddable":true,"href":"https:\/\/shura.org.tr\/en\/wp-json\/wp\/v2\/comments?post=36830"}],"version-history":[{"count":0,"href":"https:\/\/shura.org.tr\/en\/wp-json\/wp\/v2\/pages\/36830\/revisions"}],"up":[{"embeddable":true,"href":"https:\/\/shura.org.tr\/en\/wp-json\/wp\/v2\/pages\/36778"}],"wp:attachment":[{"href":"https:\/\/shura.org.tr\/en\/wp-json\/wp\/v2\/media?parent=36830"}],"curies":[{"name":"wp","href":"https:\/\/api.w.org\/{rel}","templated":true}]}}