{"id":36815,"date":"2021-09-25T23:32:13","date_gmt":"2021-09-25T20:32:13","guid":{"rendered":"https:\/\/shura.org.tr\/team\/arkin-akbay\/"},"modified":"2021-09-27T13:03:38","modified_gmt":"2021-09-27T10:03:38","slug":"arkin-akbay","status":"publish","type":"page","link":"https:\/\/shura.org.tr\/en\/team\/arkin-akbay\/","title":{"rendered":"Ark\u0131n Akbay"},"content":{"rendered":"<div class=\"wpb-content-wrapper\">[vc_section full_width=&#8221;stretch_row&#8221; pix_over_visibility=&#8221;&#8221; css=&#8221;.vc_custom_1592522682339{padding-top: 80px !important;padding-bottom: 80px !important;background-color: #ffffff !important;}&#8221;][vc_row full_width=&#8221;stretch_row&#8221; content_placement=&#8221;top&#8221; pix_particles_check=&#8221;&#8221;][vc_column width=&#8221;1\/3&#8243;][vc_single_image image=&#8221;36706&#8243; img_size=&#8221;full&#8221;][\/vc_column][vc_column width=&#8221;2\/3&#8243;][vc_custom_heading source=&#8221;post_title&#8221; use_theme_fonts=&#8221;yes&#8221;][vc_column_text]He has undertaken the responsibilities of electricity generation, electricity and gas wholesale and trade, petrochemical investment development, construction, operation and maintenance departments, occupational health and safety, quality management and environmental management units in thermal and renewable sources for Turcas Petrol. He is also Executive Board Member.\u00a0Since January 2010, He is Boaard Member of RWE &amp; Turcas Energy Toptan Sat\u0131\u015f A.\u015e. and RWE &amp; Turcas G\u00fcney Elektrik \u00dcretim A.\u015e.\u00a0He completed Mechanical Engineering and Mechatronics Engineering at Bo\u011fazi\u00e7i University and Business Administration at Verwaltung und Wirtschaft Akademie in Germany.\u00a0He is married and father of two children.\r\n\r\nHe knows English and German well.\u00a0He has been serving as the Operations Director (COO) for Turcas Petrol A.\u015e.\r\n\r\nHe has been serving as the Operations Director (COO) for Turcas Petrol A.\u015e.[\/vc_column_text][\/vc_column][\/vc_row][\/vc_section]<\/div>","protected":false},"excerpt":{"rendered":"[vc_section full_width=&#8221;stretch_row&#8221; pix_over_visibility=&#8221;&#8221; css=&#8221;.vc_custom_1592522682339{padding-top: 80px !important;padding-bottom: 80px !important;background-color: #ffffff !important;}&#8221;][vc_row full_width=&#8221;stretch_row&#8221; content_placement=&#8221;top&#8221; pix_particles_check=&#8221;&#8221;][vc_column width=&#8221;1\/3&#8243;][vc_single_image image=&#8221;36706&#8243; img_size=&#8221;full&#8221;][\/vc_column][vc_column width=&#8221;2\/3&#8243;][vc_custom_heading source=&#8221;post_title&#8221; use_theme_fonts=&#8221;yes&#8221;][vc_column_text]He has undertaken the responsibilities of electricity generation, electricity and gas wholesale and trade, petrochemical investment development, construction, operation and maintenance departments,&#8230;","protected":false},"author":1,"featured_media":0,"parent":36778,"menu_order":0,"comment_status":"closed","ping_status":"closed","template":"","meta":{"_acf_changed":false,"episode_type":"","audio_file":"","podmotor_file_id":"","podmotor_episode_id":"","cover_image":"","cover_image_id":"","duration":"","filesize":"","filesize_raw":"","date_recorded":"","explicit":"","block":"","itunes_episode_number":"","itunes_title":"","itunes_season_number":"","itunes_episode_type":"","footnotes":""},"class_list":["post-36815","page","type-page","status-publish","hentry"],"acf":[],"_links":{"self":[{"href":"https:\/\/shura.org.tr\/en\/wp-json\/wp\/v2\/pages\/36815","targetHints":{"allow":["GET"]}}],"collection":[{"href":"https:\/\/shura.org.tr\/en\/wp-json\/wp\/v2\/pages"}],"about":[{"href":"https:\/\/shura.org.tr\/en\/wp-json\/wp\/v2\/types\/page"}],"author":[{"embeddable":true,"href":"https:\/\/shura.org.tr\/en\/wp-json\/wp\/v2\/users\/1"}],"replies":[{"embeddable":true,"href":"https:\/\/shura.org.tr\/en\/wp-json\/wp\/v2\/comments?post=36815"}],"version-history":[{"count":0,"href":"https:\/\/shura.org.tr\/en\/wp-json\/wp\/v2\/pages\/36815\/revisions"}],"up":[{"embeddable":true,"href":"https:\/\/shura.org.tr\/en\/wp-json\/wp\/v2\/pages\/36778"}],"wp:attachment":[{"href":"https:\/\/shura.org.tr\/en\/wp-json\/wp\/v2\/media?parent=36815"}],"curies":[{"name":"wp","href":"https:\/\/api.w.org\/{rel}","templated":true}]}}