{"id":36811,"date":"2021-09-25T23:30:28","date_gmt":"2021-09-25T20:30:28","guid":{"rendered":"https:\/\/shura.org.tr\/team\/adil-tekin\/"},"modified":"2021-12-10T15:12:21","modified_gmt":"2021-12-10T12:12:21","slug":"adil-tekin","status":"publish","type":"page","link":"https:\/\/shura.org.tr\/en\/team\/adil-tekin\/","title":{"rendered":"Adil Tekin"},"content":{"rendered":"<div class=\"wpb-content-wrapper\">[vc_section full_width=&#8221;stretch_row&#8221; pix_over_visibility=&#8221;&#8221; css=&#8221;.vc_custom_1592522682339{padding-top: 80px !important;padding-bottom: 80px !important;background-color: #ffffff !important;}&#8221;][vc_row full_width=&#8221;stretch_row&#8221; content_placement=&#8221;top&#8221; pix_particles_check=&#8221;&#8221;][vc_column width=&#8221;1\/3&#8243;][vc_single_image image=&#8221;36700&#8243; img_size=&#8221;full&#8221;][\/vc_column][vc_column width=&#8221;2\/3&#8243;][vc_custom_heading source=&#8221;post_title&#8221; use_theme_fonts=&#8221;yes&#8221;][vc_column_text]<span style=\"font-weight: 400;\">Adil Tekin is the Chair of the Board of Sanko Enerji Group since January 2020. He was the CEO of the same Group between 2015 and 2019.<\/span>\r\n\r\n<span style=\"font-weight: 400;\">Before joining Sanko Enerji, he held several positions at Alstom in Turkey. He was the President for Alstom Turkey, Head of Power Sector and Regional Director between 2006-2015.\u00a0<\/span>\r\n\r\n<span style=\"font-weight: 400;\">He worked at Siemens Turkey in different locations for Power Gen Group between 1993 and 2006 including CIS countries\u2019 business development and hydro power plants unit management.\u00a0<\/span>\r\n\r\n<span style=\"font-weight: 400;\">He started his career at Turkish Radio and TV Corp. in 1992 as part of the compulsory service of the university scholarship program.<\/span>\r\n\r\n<span style=\"font-weight: 400;\">In December 2013, Adil Tekin was awarded the \u00abChevalier de l\u2019ordre national du M\u00e9rite\u00bb by France.<\/span>\r\n\r\n<span style=\"font-weight: 400;\">He has been a member of T\u00dcS\u0130AD since 2011. Tekin serves as a member of the Board of Directors of Sabanc\u0131 University\u2019s IICEC (Istanbul International Center for Energy and Climate) and a member of Advisory Board of Directors of SHURA Energy Transition Center.<\/span>\r\n\r\n<span style=\"font-weight: 400;\">Tekin obtained his bachelor\u2019s degree in electrical and electronics engineering and an Executive Master of Business Administration degree at the Middle East Technical University (METU) in Ankara.<\/span>[\/vc_column_text][\/vc_column][\/vc_row][\/vc_section]<\/div>","protected":false},"excerpt":{"rendered":"[vc_section full_width=&#8221;stretch_row&#8221; pix_over_visibility=&#8221;&#8221; css=&#8221;.vc_custom_1592522682339{padding-top: 80px !important;padding-bottom: 80px !important;background-color: #ffffff !important;}&#8221;][vc_row full_width=&#8221;stretch_row&#8221; content_placement=&#8221;top&#8221; pix_particles_check=&#8221;&#8221;][vc_column width=&#8221;1\/3&#8243;][vc_single_image image=&#8221;36700&#8243; img_size=&#8221;full&#8221;][\/vc_column][vc_column width=&#8221;2\/3&#8243;][vc_custom_heading source=&#8221;post_title&#8221; use_theme_fonts=&#8221;yes&#8221;][vc_column_text]Adil Tekin is the Chair of the Board of Sanko Enerji Group since January 2020. He was the CEO of the same&#8230;","protected":false},"author":1,"featured_media":0,"parent":36778,"menu_order":0,"comment_status":"closed","ping_status":"closed","template":"","meta":{"_acf_changed":false,"episode_type":"","audio_file":"","podmotor_file_id":"","podmotor_episode_id":"","cover_image":"","cover_image_id":"","duration":"","filesize":"","filesize_raw":"","date_recorded":"","explicit":"","block":"","itunes_episode_number":"","itunes_title":"","itunes_season_number":"","itunes_episode_type":"","footnotes":""},"class_list":["post-36811","page","type-page","status-publish","hentry"],"acf":[],"_links":{"self":[{"href":"https:\/\/shura.org.tr\/en\/wp-json\/wp\/v2\/pages\/36811","targetHints":{"allow":["GET"]}}],"collection":[{"href":"https:\/\/shura.org.tr\/en\/wp-json\/wp\/v2\/pages"}],"about":[{"href":"https:\/\/shura.org.tr\/en\/wp-json\/wp\/v2\/types\/page"}],"author":[{"embeddable":true,"href":"https:\/\/shura.org.tr\/en\/wp-json\/wp\/v2\/users\/1"}],"replies":[{"embeddable":true,"href":"https:\/\/shura.org.tr\/en\/wp-json\/wp\/v2\/comments?post=36811"}],"version-history":[{"count":0,"href":"https:\/\/shura.org.tr\/en\/wp-json\/wp\/v2\/pages\/36811\/revisions"}],"up":[{"embeddable":true,"href":"https:\/\/shura.org.tr\/en\/wp-json\/wp\/v2\/pages\/36778"}],"wp:attachment":[{"href":"https:\/\/shura.org.tr\/en\/wp-json\/wp\/v2\/media?parent=36811"}],"curies":[{"name":"wp","href":"https:\/\/api.w.org\/{rel}","templated":true}]}}