{"id":36809,"date":"2021-09-25T23:29:18","date_gmt":"2021-09-25T20:29:18","guid":{"rendered":"https:\/\/shura.org.tr\/team\/umit-sahin\/"},"modified":"2024-10-16T04:43:13","modified_gmt":"2024-10-16T01:43:13","slug":"umit-sahin","status":"publish","type":"page","link":"https:\/\/shura.org.tr\/en\/team\/umit-sahin\/","title":{"rendered":"\u00dcmit \u015eahin"},"content":{"rendered":"<div class=\"wpb-content-wrapper\">[vc_section full_width=&#8221;stretch_row&#8221; pix_over_visibility=&#8221;&#8221; css=&#8221;.vc_custom_1592522682339{padding-top: 80px !important;padding-bottom: 80px !important;background-color: #ffffff !important;}&#8221;][vc_row full_width=&#8221;stretch_row&#8221; content_placement=&#8221;top&#8221; pix_particles_check=&#8221;&#8221;][vc_column width=&#8221;1\/3&#8243;][vc_single_image image=&#8221;37470&#8243; img_size=&#8221;full&#8221; css=&#8221;&#8221;][\/vc_column][vc_column width=&#8221;2\/3&#8243;][vc_custom_heading source=&#8221;post_title&#8221; use_theme_fonts=&#8221;yes&#8221;][vc_column_text]<em><span class=\"inline-block mb40 mb-xs-24\">IPC<\/span><\/em>[\/vc_column_text][vc_column_text]\u00dcmit \u015eahin is Senior Scholar and the Coordinator of Climate Change Studies at Istanbul Policy Center. \u015eahin teaches Global Climate Change and Environmental Politics at Sabanci University Faculty of Arts and Social Sciences. He is also Mercator-IPC Fellowship Program Climate Change Juror.\r\n\r\nTogether with \u00d6mer Madra, \u015eahin is the producer and host of the Open Green radio programme on A\u00e7\u0131k Radio. In addition, he edits and writes on ecology issues for the Green Newspaper and serves as a project advisor for the Green Thought Foundation.[\/vc_column_text][\/vc_column][\/vc_row][\/vc_section]<\/div>","protected":false},"excerpt":{"rendered":"[vc_section full_width=&#8221;stretch_row&#8221; pix_over_visibility=&#8221;&#8221; css=&#8221;.vc_custom_1592522682339{padding-top: 80px !important;padding-bottom: 80px !important;background-color: #ffffff !important;}&#8221;][vc_row full_width=&#8221;stretch_row&#8221; content_placement=&#8221;top&#8221; pix_particles_check=&#8221;&#8221;][vc_column width=&#8221;1\/3&#8243;][vc_single_image image=&#8221;37470&#8243; img_size=&#8221;full&#8221; css=&#8221;&#8221;][\/vc_column][vc_column width=&#8221;2\/3&#8243;][vc_custom_heading source=&#8221;post_title&#8221; use_theme_fonts=&#8221;yes&#8221;][vc_column_text]IPC[\/vc_column_text][vc_column_text]\u00dcmit \u015eahin is Senior Scholar and the Coordinator of Climate Change Studies at Istanbul Policy Center. \u015eahin teaches Global Climate Change&#8230;","protected":false},"author":1,"featured_media":0,"parent":36778,"menu_order":0,"comment_status":"closed","ping_status":"closed","template":"","meta":{"_acf_changed":false,"episode_type":"","audio_file":"","podmotor_file_id":"","podmotor_episode_id":"","cover_image":"","cover_image_id":"","duration":"","filesize":"","filesize_raw":"","date_recorded":"","explicit":"","block":"","itunes_episode_number":"","itunes_title":"","itunes_season_number":"","itunes_episode_type":"","footnotes":""},"class_list":["post-36809","page","type-page","status-publish","hentry"],"acf":[],"_links":{"self":[{"href":"https:\/\/shura.org.tr\/en\/wp-json\/wp\/v2\/pages\/36809","targetHints":{"allow":["GET"]}}],"collection":[{"href":"https:\/\/shura.org.tr\/en\/wp-json\/wp\/v2\/pages"}],"about":[{"href":"https:\/\/shura.org.tr\/en\/wp-json\/wp\/v2\/types\/page"}],"author":[{"embeddable":true,"href":"https:\/\/shura.org.tr\/en\/wp-json\/wp\/v2\/users\/1"}],"replies":[{"embeddable":true,"href":"https:\/\/shura.org.tr\/en\/wp-json\/wp\/v2\/comments?post=36809"}],"version-history":[{"count":0,"href":"https:\/\/shura.org.tr\/en\/wp-json\/wp\/v2\/pages\/36809\/revisions"}],"up":[{"embeddable":true,"href":"https:\/\/shura.org.tr\/en\/wp-json\/wp\/v2\/pages\/36778"}],"wp:attachment":[{"href":"https:\/\/shura.org.tr\/en\/wp-json\/wp\/v2\/media?parent=36809"}],"curies":[{"name":"wp","href":"https:\/\/api.w.org\/{rel}","templated":true}]}}